{"id":1282,"date":"2024-10-14T10:18:03","date_gmt":"2024-10-14T08:18:03","guid":{"rendered":"http:\/\/b2b.boerner.de\/produkt\/cappuccinatore-milchschaeumer\/"},"modified":"2025-06-26T10:36:10","modified_gmt":"2025-06-26T08:36:10","slug":"cappuccinatore-milchschaeumer","status":"publish","type":"product","link":"https:\/\/b2b.boerner.de\/en\/produkt\/cappuccinatore-milchschaeumer\/","title":{"rendered":"Cappuccinatore Milchsch\u00e4umer"},"content":{"rendered":"<h2>Der einfache Milchaufsch\u00e4umer<\/h2>\n<p>Mit der innovativen Mechanik dreht sich durch leichtes herunter und hoch bewegen des Griffs der Quirl nach rechts und links. Milch aufsch\u00e4umen und Sahne schlagen gelingt mit minimalem Kraftaufwand. Damit lassen sich Ihre Hei\u00dfgetr\u00e4nke, wie Latte Macchiato, Cappuccino und Schokolade besonders cremig zubereiten.<\/p>\n<p>Der Mixquirl kann multifunktional eingesetzt werden. Salatso\u00dfe, Eier, Pudding und Fl\u00fcssigteige r\u00fchren Sie hiermit wie die Profis, ganz ohne Strom und Batterien. Die einfache Reinigung erfolgt durch Absp\u00fclen unter flie\u00dfendem Wasser direkt nach Gebrauch. Das hochwertige und robuste Material Edelstahl steht f\u00fcr ein langlebiges Produkt.<\/p>\n<p>Der Milchaufsch\u00e4umer ist in zwei Gr\u00f6\u00dfen erh\u00e4ltlich.<\/p>\n<p>Frei von Weichmachern und BPA.<\/p>\n<h3>Ma\u00dfe:<\/h3>\n<ul>\n<li>Cappuccinatore: 6,5cm x 6,5cm x 25xm<\/li>\n<\/ul>\n<p>&nbsp;<\/p>\n<h3>Technische Daten:<\/h3>\n<ul>\n<li>Manueller Milchsch\u00e4umer<\/li>\n<li>F\u00fcr Hei\u00dfgetr\u00e4nke wie Macchiato, Cappuccino und Schokolade geeignet<\/li>\n<li>Leichte Bedienbarkeit und Reinigung<\/li>\n<li>Frei von Weichmachern und BPA<\/li>\n<li>Hochwertiger und robuster Edelstahl<\/li>\n<\/ul>\n","protected":false},"excerpt":{"rendered":"<p>Der einfache Milchaufsch\u00e4umer Mit der innovativen Mechanik dreht sich durch leichtes herunter und hoch bewegen des Griffs der Quirl nach rechts und links. Milch aufsch\u00e4umen und Sahne schlagen gelingt mit minimalem Kraftaufwand. Damit lassen sich Ihre Hei\u00dfgetr\u00e4nke, wie Latte Macchiato, Cappuccino und Schokolade besonders cremig zubereiten. Der Mixquirl kann multifunktional eingesetzt werden. Salatso\u00dfe, Eier, Pudding [&#8230;]\n","protected":false},"featured_media":195,"comment_status":"closed","ping_status":"open","template":"","meta":{"_acf_changed":false},"product_brand":[],"product_cat":[51],"product_tag":[],"class_list":{"0":"post-1282","1":"product","2":"type-product","3":"status-publish","4":"has-post-thumbnail","6":"product_cat-kuechenhelfer","7":"pa_gebindemenge-131","8":"pa_gebindemenge-130","10":"first","11":"instock","12":"taxable","13":"shipping-taxable","14":"purchasable","15":"product-type-variable"},"acf":[],"_links":{"self":[{"href":"https:\/\/b2b.boerner.de\/en\/wp-json\/wp\/v2\/product\/1282","targetHints":{"allow":["GET"]}}],"collection":[{"href":"https:\/\/b2b.boerner.de\/en\/wp-json\/wp\/v2\/product"}],"about":[{"href":"https:\/\/b2b.boerner.de\/en\/wp-json\/wp\/v2\/types\/product"}],"replies":[{"embeddable":true,"href":"https:\/\/b2b.boerner.de\/en\/wp-json\/wp\/v2\/comments?post=1282"}],"wp:featuredmedia":[{"embeddable":true,"href":"https:\/\/b2b.boerner.de\/en\/wp-json\/wp\/v2\/media\/195"}],"wp:attachment":[{"href":"https:\/\/b2b.boerner.de\/en\/wp-json\/wp\/v2\/media?parent=1282"}],"wp:term":[{"taxonomy":"product_brand","embeddable":true,"href":"https:\/\/b2b.boerner.de\/en\/wp-json\/wp\/v2\/product_brand?post=1282"},{"taxonomy":"product_cat","embeddable":true,"href":"https:\/\/b2b.boerner.de\/en\/wp-json\/wp\/v2\/product_cat?post=1282"},{"taxonomy":"product_tag","embeddable":true,"href":"https:\/\/b2b.boerner.de\/en\/wp-json\/wp\/v2\/product_tag?post=1282"}],"curies":[{"name":"wp","href":"https:\/\/api.w.org\/{rel}","templated":true}]}}