{"id":1315,"date":"2024-10-14T10:18:16","date_gmt":"2024-10-14T08:18:16","guid":{"rendered":"http:\/\/b2b.boerner.de\/produkt\/scheibenschneider-dl\/"},"modified":"2025-08-04T13:37:41","modified_gmt":"2025-08-04T11:37:41","slug":"scheibenschneider-dl","status":"publish","type":"product","link":"https:\/\/b2b.boerner.de\/en\/produkt\/scheibenschneider-dl\/","title":{"rendered":"Scheibenschneider DL"},"content":{"rendered":"<h2>Der Scheibenschneider f\u00fcr schnelle Salate und Gem\u00fcse<\/h2>\n<p>Frische Salate, knackige Gem\u00fcsebeilagen oder leckeres Carpaccio gelingen m\u00fchelos mit unserem B\u00f6rner Scheibenschneider DesignLine. Als Gurkenhobel eignet sich der Schneider ideal f\u00fcr knackige Salate. Denn mit ihm macht das Zubereiten von Gurken, Rettich, Karotten, Lauch, Zwiebeln oder anderen Zutaten Spa\u00df.<\/p>\n<p>Das Schneiden in feine oder sogar hauchfeine Scheiben geht reibungslos und schnell, sodass auch die kleine Mahlzeit zwischendurch ein echter Vitalkick mit Genussfaktor ist.<\/p>\n<p>Auch die Zubereitung von leckeren Mahlzeiten f\u00fcr die ganze Familie wird mit dem Scheibenschneider DesignLine sehr vereinfacht. Mit dem Scheibenschneider k\u00f6nnen Sie durch die doppelte Klinge sowohl bei Vorw\u00e4rts- als auch bei R\u00fcckw\u00e4rtsbewegung schneiden und verdoppeln dadurch die Geschwindigkeit. Gerade bei gro\u00dfen Mengen ist dies eine super Erleichterung.<\/p>\n<p>Nach Gebrauch einfach unter Wasser absp\u00fclen.<\/p>\n<p>Als Zubeh\u00f6r empfehlen wir unseren\u00a0Sicherheitsfruchthalter, damit ihre Finger vor den scharfen Edelstahl Klingen des Gurkenhobels gesch\u00fctzt sind.<\/p>\n<p><b>Ma\u00dfe:<\/b><\/p>\n<ul>\n<li>Reibe: 32,3cm x 12,5cm x 3cm<\/li>\n<\/ul>\n<p>&nbsp;<\/p>\n<p><b>Technische Daten:<\/b><\/p>\n<ul>\n<li>Ohne Fruchthalter<\/li>\n<li>BPA-freier Kunststoff<\/li>\n<li>Frei von Weichmachern und Schadstoffen<\/li>\n<li>Mikrofein-geschliffene Wellenklingen<\/li>\n<\/ul>\n<p>&nbsp;<\/p>\n","protected":false},"excerpt":{"rendered":"<p>Der Scheibenschneider f\u00fcr schnelle Salate und Gem\u00fcse Frische Salate, knackige Gem\u00fcsebeilagen oder leckeres Carpaccio gelingen m\u00fchelos mit unserem B\u00f6rner Scheibenschneider DesignLine. Als Gurkenhobel eignet sich der Schneider ideal f\u00fcr knackige Salate. Denn mit ihm macht das Zubereiten von Gurken, Rettich, Karotten, Lauch, Zwiebeln oder anderen Zutaten Spa\u00df. Das Schneiden in feine oder sogar hauchfeine Scheiben [&#8230;]\n","protected":false},"featured_media":259,"comment_status":"closed","ping_status":"open","template":"","meta":{"_acf_changed":false},"product_brand":[],"product_cat":[53,52],"product_tag":[],"class_list":{"0":"post-1315","1":"product","2":"type-product","3":"status-publish","4":"has-post-thumbnail","6":"product_cat-designline-schneider","7":"product_cat-reiben-und-schneider","8":"pa_gebindemenge-135","10":"first","11":"instock","12":"taxable","13":"shipping-taxable","14":"purchasable","15":"product-type-variable"},"acf":[],"_links":{"self":[{"href":"https:\/\/b2b.boerner.de\/en\/wp-json\/wp\/v2\/product\/1315","targetHints":{"allow":["GET"]}}],"collection":[{"href":"https:\/\/b2b.boerner.de\/en\/wp-json\/wp\/v2\/product"}],"about":[{"href":"https:\/\/b2b.boerner.de\/en\/wp-json\/wp\/v2\/types\/product"}],"replies":[{"embeddable":true,"href":"https:\/\/b2b.boerner.de\/en\/wp-json\/wp\/v2\/comments?post=1315"}],"wp:featuredmedia":[{"embeddable":true,"href":"https:\/\/b2b.boerner.de\/en\/wp-json\/wp\/v2\/media\/259"}],"wp:attachment":[{"href":"https:\/\/b2b.boerner.de\/en\/wp-json\/wp\/v2\/media?parent=1315"}],"wp:term":[{"taxonomy":"product_brand","embeddable":true,"href":"https:\/\/b2b.boerner.de\/en\/wp-json\/wp\/v2\/product_brand?post=1315"},{"taxonomy":"product_cat","embeddable":true,"href":"https:\/\/b2b.boerner.de\/en\/wp-json\/wp\/v2\/product_cat?post=1315"},{"taxonomy":"product_tag","embeddable":true,"href":"https:\/\/b2b.boerner.de\/en\/wp-json\/wp\/v2\/product_tag?post=1315"}],"curies":[{"name":"wp","href":"https:\/\/api.w.org\/{rel}","templated":true}]}}