{"id":1333,"date":"2024-10-14T10:18:24","date_gmt":"2024-10-14T08:18:24","guid":{"rendered":"http:\/\/b2b.boerner.de\/produkt\/welle-waffel-xxl-pl\/"},"modified":"2025-08-05T07:56:42","modified_gmt":"2025-08-05T05:56:42","slug":"welle-waffel-xxl-pl","status":"publish","type":"product","link":"https:\/\/b2b.boerner.de\/en\/produkt\/welle-waffel-xxl-pl\/","title":{"rendered":"Welle-Waffel XXL PL"},"content":{"rendered":"<h2>Der Wellenschneider zum Herstellen von Gitterkartoffeln<\/h2>\n<p>Mit dem original B\u00f6rner PowerLine Waffel- und Wellenschneider k\u00f6nnen Sie Wellen und Waffeln in drei verschiedenen St\u00e4rken aus festem Obst und Gem\u00fcse schneiden. Die Kartoffelreibe ist ideal f\u00fcr frittierte Gitterkartoffeln, ob als Beilage zu Steak und anderen Fleischgerichten oder einfach als Snack zum Dippen geeignet.<\/p>\n<p>Die kreative Optik bringt Abwechslung auf den Teller. Kinder, die sonst nicht so gerne Obst oder Gem\u00fcse essen, sind begeistert von \u00c4pfeln, Karotten und Co. als ausgefallene Beilagen im Wellen- oder Waffeln-Schnitt. Ganz neu bei diesem Produkt ist die integrierte Kindersicherung. Schieben Sie den Einschub der Kartoffelreibe einfach bis ganz nach vorne, und schon sind die Klingen sicher gesch\u00fctzt. Wir empfehlen die Nutzung des original B\u00f6rner\u00a0<a href=\"https:\/\/www.boerner.de\/sicherheitsfruchthalter\/\" target=\"_self\" rel=\"noopener\">Sicherheitsfruchthalters<\/a>, erh\u00e4ltlich als Zubeh\u00f6r f\u00fcr alle Serien. Nach Gebrauch einfach unter flie\u00dfendem Wasser reinigen.<\/p>\n<p>&nbsp;<\/p>\n<p><b>Ma\u00dfe:<\/b><\/p>\n<ul>\n<li>Kartoffelreibe: 33,7cm x 13cm x 3,7cm<\/li>\n<\/ul>\n<p>&nbsp;<\/p>\n<p><b>Technische Daten:<\/b><\/p>\n<ul>\n<li>Ohne Fruchthalter<\/li>\n<li>3 verschiedene Schnittmuster m\u00f6glich<\/li>\n<li>Schnittgut Welle 7,5mm<\/li>\n<li>Schnittgut Waffel 6mm<\/li>\n<li>Schnittgut Ohne Einschub 12,3mm<\/li>\n<li>Ergonomischem Griff<\/li>\n<li>BPA-freier Kunststoff<\/li>\n<li>Frei von Weichmachern und Schadstoffen<\/li>\n<li>Mikrofein-geschliffene Edelstahlmesser<\/li>\n<\/ul>\n","protected":false},"excerpt":{"rendered":"<p>Der Wellenschneider zum Herstellen von Gitterkartoffeln Mit dem original B\u00f6rner PowerLine Waffel- und Wellenschneider k\u00f6nnen Sie Wellen und Waffeln in drei verschiedenen St\u00e4rken aus festem Obst und Gem\u00fcse schneiden. Die Kartoffelreibe ist ideal f\u00fcr frittierte Gitterkartoffeln, ob als Beilage zu Steak und anderen Fleischgerichten oder einfach als Snack zum Dippen geeignet. Die kreative Optik bringt [&#8230;]\n","protected":false},"featured_media":5684,"comment_status":"closed","ping_status":"open","template":"","meta":{"_acf_changed":false},"product_brand":[],"product_cat":[52,68],"product_tag":[],"class_list":{"0":"post-1333","1":"product","2":"type-product","3":"status-publish","4":"has-post-thumbnail","6":"product_cat-reiben-und-schneider","7":"product_cat-welle-waffel-xxl","8":"pa_gebindemenge-135","10":"first","11":"instock","12":"taxable","13":"shipping-taxable","14":"purchasable","15":"product-type-variable"},"acf":[],"_links":{"self":[{"href":"https:\/\/b2b.boerner.de\/en\/wp-json\/wp\/v2\/product\/1333","targetHints":{"allow":["GET"]}}],"collection":[{"href":"https:\/\/b2b.boerner.de\/en\/wp-json\/wp\/v2\/product"}],"about":[{"href":"https:\/\/b2b.boerner.de\/en\/wp-json\/wp\/v2\/types\/product"}],"replies":[{"embeddable":true,"href":"https:\/\/b2b.boerner.de\/en\/wp-json\/wp\/v2\/comments?post=1333"}],"wp:featuredmedia":[{"embeddable":true,"href":"https:\/\/b2b.boerner.de\/en\/wp-json\/wp\/v2\/media\/5684"}],"wp:attachment":[{"href":"https:\/\/b2b.boerner.de\/en\/wp-json\/wp\/v2\/media?parent=1333"}],"wp:term":[{"taxonomy":"product_brand","embeddable":true,"href":"https:\/\/b2b.boerner.de\/en\/wp-json\/wp\/v2\/product_brand?post=1333"},{"taxonomy":"product_cat","embeddable":true,"href":"https:\/\/b2b.boerner.de\/en\/wp-json\/wp\/v2\/product_cat?post=1333"},{"taxonomy":"product_tag","embeddable":true,"href":"https:\/\/b2b.boerner.de\/en\/wp-json\/wp\/v2\/product_tag?post=1333"}],"curies":[{"name":"wp","href":"https:\/\/api.w.org\/{rel}","templated":true}]}}