{"id":1660,"date":"2024-10-14T10:19:46","date_gmt":"2024-10-14T08:19:46","guid":{"rendered":"http:\/\/b2b.boerner.de\/produkt\/spiralschneider-folie\/"},"modified":"2025-07-02T07:50:16","modified_gmt":"2025-07-02T05:50:16","slug":"spiralschneider-folie","status":"publish","type":"product","link":"https:\/\/b2b.boerner.de\/en\/produkt\/spiralschneider-folie\/","title":{"rendered":"Spiralschneider \/Folie"},"content":{"rendered":"<h2>Der kompakte Gem\u00fcse Spiralschneider f\u00fcr Ihre K\u00fcche<\/h2>\n<p>Mit dem original B\u00f6rner Spiralschneider k\u00f6nnen Sie, durch einfache Drehbewegungen im Uhrzeigersinn, sch\u00f6ne Spiralen herstellen (z.B. aus Gurken, Rettich, Radieschen, usw.). Die scharfe Kunststoffkante durchschneidet m\u00fchelos verschiedenste Obst- und Gem\u00fcsesorten. Sogar Kartoffeln k\u00f6nnen spiralf\u00f6rmig geschnitten und beispielsweise anschlie\u00dfend frittieren werden.<\/p>\n<p>Nach Gebrauch einfach unter flie\u00dfendem Wasser reinigen.<\/p>\n<h3>Ma\u00dfe:<\/h3>\n<ul>\n<li>Spiralschneider: 10,5cm x 3,5cm x 3cm<\/li>\n<\/ul>\n<p>&nbsp;<\/p>\n<h3>Technische Daten:<\/h3>\n<ul>\n<li>Scharfe Kunststoffkante<\/li>\n<li>Durch einfache Drehbewegungen, Spiralen aus Obst und Gem\u00fcse machen<\/li>\n<li>Gut geeignet f\u00fcr essbare Dekoration<\/li>\n<li>Leichte Bedienbarkeit und Reinigung<\/li>\n<li>Frei von Weichmachern und BPA<\/li>\n<\/ul>\n","protected":false},"excerpt":{"rendered":"<p>Der kompakte Gem\u00fcse Spiralschneider f\u00fcr Ihre K\u00fcche Mit dem original B\u00f6rner Spiralschneider k\u00f6nnen Sie, durch einfache Drehbewegungen im Uhrzeigersinn, sch\u00f6ne Spiralen herstellen (z.B. aus Gurken, Rettich, Radieschen, usw.). Die scharfe Kunststoffkante durchschneidet m\u00fchelos verschiedenste Obst- und Gem\u00fcsesorten. Sogar Kartoffeln k\u00f6nnen spiralf\u00f6rmig geschnitten und beispielsweise anschlie\u00dfend frittieren werden. Nach Gebrauch einfach unter flie\u00dfendem Wasser reinigen. Ma\u00dfe: [&#8230;]\n","protected":false},"featured_media":863,"comment_status":"closed","ping_status":"open","template":"","meta":{"_acf_changed":false},"product_brand":[],"product_cat":[51],"product_tag":[],"class_list":{"0":"post-1660","1":"product","2":"type-product","3":"status-publish","4":"has-post-thumbnail","6":"product_cat-kuechenhelfer","8":"first","9":"instock","10":"taxable","11":"shipping-taxable","12":"purchasable","13":"product-type-simple"},"acf":[],"_links":{"self":[{"href":"https:\/\/b2b.boerner.de\/en\/wp-json\/wp\/v2\/product\/1660","targetHints":{"allow":["GET"]}}],"collection":[{"href":"https:\/\/b2b.boerner.de\/en\/wp-json\/wp\/v2\/product"}],"about":[{"href":"https:\/\/b2b.boerner.de\/en\/wp-json\/wp\/v2\/types\/product"}],"replies":[{"embeddable":true,"href":"https:\/\/b2b.boerner.de\/en\/wp-json\/wp\/v2\/comments?post=1660"}],"wp:featuredmedia":[{"embeddable":true,"href":"https:\/\/b2b.boerner.de\/en\/wp-json\/wp\/v2\/media\/863"}],"wp:attachment":[{"href":"https:\/\/b2b.boerner.de\/en\/wp-json\/wp\/v2\/media?parent=1660"}],"wp:term":[{"taxonomy":"product_brand","embeddable":true,"href":"https:\/\/b2b.boerner.de\/en\/wp-json\/wp\/v2\/product_brand?post=1660"},{"taxonomy":"product_cat","embeddable":true,"href":"https:\/\/b2b.boerner.de\/en\/wp-json\/wp\/v2\/product_cat?post=1660"},{"taxonomy":"product_tag","embeddable":true,"href":"https:\/\/b2b.boerner.de\/en\/wp-json\/wp\/v2\/product_tag?post=1660"}],"curies":[{"name":"wp","href":"https:\/\/api.w.org\/{rel}","templated":true}]}}