{"id":4359,"date":"2024-10-14T10:18:10","date_gmt":"2024-10-14T08:18:10","guid":{"rendered":"https:\/\/b2b.boerner.de\/produkt\/multi-slicer-fruchthalter\/"},"modified":"2025-07-02T07:50:12","modified_gmt":"2025-07-02T05:50:12","slug":"multi-slicer-fruchthalter","status":"publish","type":"product","link":"https:\/\/b2b.boerner.de\/en\/produkt\/multi-slicer-fruchthalter\/","title":{"rendered":"Multi Slicer + Fruit holder"},"content":{"rendered":"<h2>Was w\u00e4re die K\u00fcche ohne einen kompakten Gem\u00fcseschneider<\/h2>\n<p>Wir sind der Meinung, ein handlicher Gem\u00fcseschneider sollte in jeder K\u00fcche zu finden sein, egal ob gro\u00df oder klein. Daf\u00fcr haben wir nun eine platzsparende L\u00f6sung entwickelt \u2013 lernen Sie den B\u00f6rner Multi Slicer Gem\u00fcseschneider kennen.<\/p>\n<p>Kombinieren Sie den Multi Griff mit dem Multi Slicer Aufsatz und schon haben Sie den kleinen perfekten Scheibenschneider. Durch den besonders handlichen kleinen Griff ist der Mini Hobel so einfach in der Handhabung. Schneiden Sie ganz einfach d\u00fcnne und dicke Scheiben durch einfaches Verstellen der Schnittfl\u00e4che. So k\u00f6nnen Sie ganz schnell leckere Rohkostsalate oder Aufl\u00e4ufe herstellen. Au\u00dferdem hat der Multi Slicer eine integrierte Sicherheitsstufe, so werden die Klingen und H\u00e4nde beim Verstauen sicher gesch\u00fctzt.<\/p>\n<p>Der Mini Hobel kann als Set mit Fruchthalter oder ohne geliefert werden. Dieser sch\u00fctzt ihre H\u00e4nde beim Hobeln vor den scharfen Klingen.<\/p>\n<p>Der Gem\u00fcseschneider bietet durch seine Steckfunktion, mit der Sie die Schneidaufs\u00e4tze ganz einfach austauschen k\u00f6nnen, die M\u00f6glichkeit, supereinfach zwischen mehreren Varianten des Schneiders zu wechseln. Erweitern Sie den Multi Slicer mit seinen Zubeh\u00f6rteilen, wie dem Multi Dicer zum W\u00fcrfel und Streifen schneiden oder den Multi Peeler Aufs\u00e4tzen zum Herstellen von Juliennestreifen oder f\u00fcr einfaches Sch\u00e4len.<\/p>\n<p>Klingt praktisch? Das ist es auch. Wir versprechen, dass Sie hier mit den besten Edelstahlklingen versorgt werden, die auch vor hartem Gem\u00fcse keinen Halt machen.<\/p>\n<p>Der kompakte Mini Hobel ist ein wahres Multitalent, denn er ist nicht blo\u00df klein genug, um in der K\u00fcchenschublade Platz zu finden, sondern schafft es eine gro\u00dfe Menge an Obst und Gem\u00fcse in kurzer Zeit klein zu schneiden. Salate, Aufl\u00e4ufe und Suppen sind deswegen gar kein Problem mehr f\u00fcr Sie. Die Vorbereitungszeit f\u00fcr leckeres Essen wird reduziert und die Freude am Kochen wird wiederbelebt.<\/p>\n<h3>Ma\u00dfe:<\/h3>\n<ul>\n<li>Gem\u00fcseschneider: 31cm x 7,5cm x 3cm<\/li>\n<li>Griff: 11cm x 3cm x 2cm<\/li>\n<li>Fruchthalter: 10,3cm x 10,3cm x 5,5cm<\/li>\n<\/ul>\n<h3>Technische Daten:<\/h3>\n<ul>\n<li>Stifte und Streifen<\/li>\n<li>Mit rutschfesten Gummif\u00fc\u00dfen<\/li>\n<li>Griff kompatible mit Multi Dicer und Multi Peeler Aufsatz<\/li>\n<li>BPA-freier Kunststoff<\/li>\n<li>Frei von Weichmachern und Schadstoffen<\/li>\n<li>Mikrofein-geschliffene Edelstahlmesser<\/li>\n<\/ul>\n","protected":false},"excerpt":{"rendered":"<p>Was w\u00e4re die K\u00fcche ohne einen kompakten Gem\u00fcseschneider Wir sind der Meinung, ein handlicher Gem\u00fcseschneider sollte in jeder K\u00fcche zu finden sein, egal ob gro\u00df oder klein. Daf\u00fcr haben wir nun eine platzsparende L\u00f6sung entwickelt \u2013 lernen Sie den B\u00f6rner Multi Slicer Gem\u00fcseschneider kennen. Kombinieren Sie den Multi Griff mit dem Multi Slicer Aufsatz und [&#8230;]\n","protected":false},"featured_media":4291,"comment_status":"closed","ping_status":"open","template":"","meta":{"_acf_changed":false},"product_brand":[],"product_cat":[217,220],"product_tag":[],"class_list":{"0":"post-4359","1":"product","2":"type-product","3":"status-publish","4":"has-post-thumbnail","6":"product_cat-graters-and-slicers","7":"product_cat-multi-slicer-dicer-en","8":"pa_gebindemenge-42-en","10":"first","11":"instock","12":"taxable","13":"shipping-taxable","14":"purchasable","15":"product-type-variable"},"acf":[],"_links":{"self":[{"href":"https:\/\/b2b.boerner.de\/en\/wp-json\/wp\/v2\/product\/4359","targetHints":{"allow":["GET"]}}],"collection":[{"href":"https:\/\/b2b.boerner.de\/en\/wp-json\/wp\/v2\/product"}],"about":[{"href":"https:\/\/b2b.boerner.de\/en\/wp-json\/wp\/v2\/types\/product"}],"replies":[{"embeddable":true,"href":"https:\/\/b2b.boerner.de\/en\/wp-json\/wp\/v2\/comments?post=4359"}],"wp:featuredmedia":[{"embeddable":true,"href":"https:\/\/b2b.boerner.de\/en\/wp-json\/wp\/v2\/media\/4291"}],"wp:attachment":[{"href":"https:\/\/b2b.boerner.de\/en\/wp-json\/wp\/v2\/media?parent=4359"}],"wp:term":[{"taxonomy":"product_brand","embeddable":true,"href":"https:\/\/b2b.boerner.de\/en\/wp-json\/wp\/v2\/product_brand?post=4359"},{"taxonomy":"product_cat","embeddable":true,"href":"https:\/\/b2b.boerner.de\/en\/wp-json\/wp\/v2\/product_cat?post=4359"},{"taxonomy":"product_tag","embeddable":true,"href":"https:\/\/b2b.boerner.de\/en\/wp-json\/wp\/v2\/product_tag?post=4359"}],"curies":[{"name":"wp","href":"https:\/\/api.w.org\/{rel}","templated":true}]}}