{"id":5035,"date":"2024-10-14T10:18:10","date_gmt":"2024-10-14T08:18:10","guid":{"rendered":"https:\/\/b2b.boerner.de\/?post_type=product&#038;p=5035"},"modified":"2025-07-02T08:53:46","modified_gmt":"2025-07-02T06:53:46","slug":"the-compact-multi-cutter-set","status":"publish","type":"product","link":"https:\/\/b2b.boerner.de\/en\/produkt\/the-compact-multi-cutter-set\/","title":{"rendered":"The compact Multi-Cutter Set"},"content":{"rendered":"<h2>The compact multi-cutter set<\/h2>\n<div>Mit der B\u00f6rner Multi Serie haben wir uns als Ziel gesetzt, multifunktionale K\u00fcchenhelfer zu entwickeln, die kompakt sind und sich in der Handhabung ganz klar von herk\u00f6mmlichen, sperrigen Multifunktionsschneidern unterscheiden. Und genau das haben wir mit unserer Multi Serie erreicht.<\/div>\n<div><\/div>\n<div>Egal ob Scheiben, Streifen oder W\u00fcrfel, unser Multischneider Set verf\u00fcgt \u00fcber jegliche Funktionen, die zur Zubereitung von Obst und Gem\u00fcse ben\u00f6tigt werden. Durch das kompakte Design findet das Set auch in kleinen K\u00fcchen platz.<\/div>\n<div><\/div>\n<div>Der abnehmbare Multifunktionsgriff passt auf alle Aufs\u00e4tze der Multi Serie, so k\u00f6nnen Sie mit nur einem Klick schnell und einfach die Schnittweise \u00e4ndern.<\/div>\n<div><\/div>\n<div>Das Multischneider Set besteht neben dem Griff aus folgenden Aufs\u00e4tzen:<\/div>\n<div>\n<ul>\n<li>Multi Dicer, der sich perfekt f\u00fcr das Herstellen von W\u00fcrfeln und Julienne-Streifen eignet. Dank des Fruchthalters sp\u00fcren Sie genau, wann Sie Ihren Halter um 90\u00b0 gedreht haben. Dies erm\u00f6glicht gleich breite wie lange W\u00fcrfel zu schneiden. Zucchini, Karotten und Zwiebeln w\u00fcrfeln wird so zum Kinderspiel. Der Fingerschutz mit integrierter Halterung sorgt f\u00fcr Sicherheit beim Schneiden von selbst kleinstem Gem\u00fcse und Obst. Die Schiene kann einfach am Multi Dicer eingespannt werden und bewegt sich dann beim Schneiden mit.<\/li>\n<li>Multi Slicer, mit dem Sie einfach und pr\u00e4zise Gem\u00fcse- und Obst in Scheiben schneiden k\u00f6nnen. Mithilfe des Buttons k\u00f6nnen Sie in 2 verschieden Stufen schneiden, durch eine weitere Stufe haben Sie sogar eine Sicherheitsfunktion, die vor den scharfen Messern sch\u00fctzt.<\/li>\n<\/ul>\n<\/div>\n<div>\n<h3>Ma\u00dfe:<\/h3>\n<\/div>\n<div>\n<ul>\n<li>Griff: 11cm x 3cm x 2cm<\/li>\n<li>Multi Slicer Aufsatz: 31cm x 7,5cm x 3cm<\/li>\n<li>Multi Dicer Aufsatz: 31cm x 7,5cm x 3cm<\/li>\n<li>Fruchthalter: 10,3cm x 10,3cm x 5,5cm<\/li>\n<\/ul>\n<h3>Technische Daten:<\/h3>\n<\/div>\n<div>\n<ul>\n<li>Multifunktionale Verwendung<\/li>\n<li>Kompakt<\/li>\n<li>Scheiben in 2 verschiedenen Gr\u00f6\u00dfen<\/li>\n<li>Julienne Streifen Schneiden ohne Einschneiden der Frucht<\/li>\n<li>BPA-freier Kunststoff<\/li>\n<li>Frei von Weichmachern und Schadstoffen<\/li>\n<li>Mikrofein-geschliffene Edelstahlmesser<\/li>\n<\/ul>\n<h3>Bestandteile des B\u00f6rner Multischneider Sets:<\/h3>\n<\/div>\n<div>\n<ul>\n<li>Multifunktionsgriff<\/li>\n<li>Multi Dicer<\/li>\n<li>Multi Slicer<\/li>\n<li>Schiene + Fruchthalter<\/li>\n<\/ul>\n<\/div>\n","protected":false},"excerpt":{"rendered":"<p>The compact multi-cutter set Mit der B\u00f6rner Multi Serie haben wir uns als Ziel gesetzt, multifunktionale K\u00fcchenhelfer zu entwickeln, die kompakt sind und sich in der Handhabung ganz klar von herk\u00f6mmlichen, sperrigen Multifunktionsschneidern unterscheiden. Und genau das haben wir mit unserer Multi Serie erreicht. Egal ob Scheiben, Streifen oder W\u00fcrfel, unser Multischneider Set verf\u00fcgt \u00fcber [&#8230;]\n","protected":false},"featured_media":4401,"comment_status":"closed","ping_status":"open","template":"","meta":{"_acf_changed":false},"product_brand":[],"product_cat":[217,220],"product_tag":[],"class_list":{"0":"post-5035","1":"product","2":"type-product","3":"status-publish","4":"has-post-thumbnail","6":"product_cat-graters-and-slicers","7":"product_cat-multi-slicer-dicer-en","9":"first","10":"instock","11":"taxable","12":"shipping-taxable","13":"purchasable","14":"product-type-variable"},"acf":[],"_links":{"self":[{"href":"https:\/\/b2b.boerner.de\/en\/wp-json\/wp\/v2\/product\/5035","targetHints":{"allow":["GET"]}}],"collection":[{"href":"https:\/\/b2b.boerner.de\/en\/wp-json\/wp\/v2\/product"}],"about":[{"href":"https:\/\/b2b.boerner.de\/en\/wp-json\/wp\/v2\/types\/product"}],"replies":[{"embeddable":true,"href":"https:\/\/b2b.boerner.de\/en\/wp-json\/wp\/v2\/comments?post=5035"}],"wp:featuredmedia":[{"embeddable":true,"href":"https:\/\/b2b.boerner.de\/en\/wp-json\/wp\/v2\/media\/4401"}],"wp:attachment":[{"href":"https:\/\/b2b.boerner.de\/en\/wp-json\/wp\/v2\/media?parent=5035"}],"wp:term":[{"taxonomy":"product_brand","embeddable":true,"href":"https:\/\/b2b.boerner.de\/en\/wp-json\/wp\/v2\/product_brand?post=5035"},{"taxonomy":"product_cat","embeddable":true,"href":"https:\/\/b2b.boerner.de\/en\/wp-json\/wp\/v2\/product_cat?post=5035"},{"taxonomy":"product_tag","embeddable":true,"href":"https:\/\/b2b.boerner.de\/en\/wp-json\/wp\/v2\/product_tag?post=5035"}],"curies":[{"name":"wp","href":"https:\/\/api.w.org\/{rel}","templated":true}]}}