{"id":5547,"date":"2025-07-08T07:38:53","date_gmt":"2025-07-08T05:38:53","guid":{"rendered":"https:\/\/b2b.boerner.de\/?post_type=product&#038;p=5547"},"modified":"2025-07-09T08:47:04","modified_gmt":"2025-07-09T06:47:04","slug":"v3-se-35-7mm-fh","status":"publish","type":"product","link":"https:\/\/b2b.boerner.de\/en\/produkt\/v3-se-35-7mm-fh\/","title":{"rendered":"V3 TrendLine + SE + 3,5 + 7mm + FH"},"content":{"rendered":"<h2>Der komfortable Gem\u00fcseschneider f\u00fcr beste Ergebnisse<\/h2>\n<p>Mit dem Obst- und Gem\u00fcseschneider B\u00f6rner V3 TrendLine schneiden Sie Obst und Gem\u00fcse schnell, pr\u00e4zise und sicher.<\/p>\n<p>Durch leichtes Wechseln der Einsch\u00fcbe k\u00f6nnen Sie mit dem Gem\u00fcsehobel Scheiben in 2 St\u00e4rken sowie Streifen in 2 Gr\u00f6\u00dfen schneiden. Mittels einfachem Einschneidens der Fr\u00fcchte lassen sich dar\u00fcber hinaus auch W\u00fcrfel in zwei Gr\u00f6\u00dfen schneiden. Somit stehen Ihnen insgesamt 6 verschiedene Schnittvarianten zur Verf\u00fcgung. Der im Lieferumfang enthaltene B\u00f6rner Sicherheitsfruchthalter erm\u00f6glicht Ihnen, Obst und Gem\u00fcse bis auf einen minimalen Rest zu verarbeiten und sch\u00fctzt gleichzeitig Ihre Finger vor Verletzungen durch die Edelstahl-Messer.<\/p>\n<p>Der V3 Obst- und Gem\u00fcseschneider hat zur sicheren Handhabung integrierte Gummif\u00fc\u00dfe, die einen festen Stand beim Schneiden garantieren. Au\u00dferdem erm\u00f6glicht der ergonomisch geformte Griff einen leichteren Umgang mit dem Gem\u00fcsehobel.<\/p>\n<p>Passend zum V3 Gem\u00fcseschneider empfehlen wir Ihnen die praktische\u00a0<a href=\"https:\/\/www.boerner.de\/auffangschale-fuer-v1-und-v3\/\" target=\"_self\" rel=\"noopener\">Auffangschale<\/a>, damit ihre Arbeitsfl\u00e4che sauber bleibt. Au\u00dferdem k\u00f6nnen zum Beispiel leckere Salate direkt serviert werden.<\/p>\n<p><b>Ma\u00dfe:<\/b><\/p>\n<ul>\n<li>V-Hobel: 35,5cm x 12,5cm x 5,5cm<\/li>\n<li>Fruchthalter: 15cm x 11,5cm x 6cm<\/li>\n<li>Scheibeneinschub: 21,5cm x 9,7cmx 1cm<\/li>\n<li>3,5mm und 7mm Einsch\u00fcbe: 21,5cm x 9,7cm x 1,5cm<\/li>\n<\/ul>\n<p>&nbsp;<\/p>\n<p><b>Technische Daten:<\/b><\/p>\n<ul>\n<li>Scheiben in 2 verschiedenen Schnittst\u00e4rken<\/li>\n<li>Stifte und Streifen in 2 verschiedenen Gr\u00f6\u00dfen<\/li>\n<li>Mit rutschfesten Gummif\u00fc\u00dfen<\/li>\n<li>BPA-freier Kunststoff<\/li>\n<li>Frei von Weichmachern und Schadstoffen<\/li>\n<li>Mikrofein-geschliffene Edelstahlmesser<\/li>\n<\/ul>\n<p>&nbsp;<\/p>\n<p>Bestandteile des B\u00f6rner V3 TrendLine Gem\u00fcseschneider Sets<\/p>\n<ul>\n<li>V3 Gem\u00fcseschneider<\/li>\n<li>Scheibeneinschub<\/li>\n<li>3,5 mm Messereinschub<\/li>\n<li>7 mm Messereinschub<\/li>\n<li>Sicherheitsfruchthalter<\/li>\n<\/ul>\n","protected":false},"excerpt":{"rendered":"<p>Der komfortable Gem\u00fcseschneider f\u00fcr beste Ergebnisse Mit dem Obst- und Gem\u00fcseschneider B\u00f6rner V3 TrendLine schneiden Sie Obst und Gem\u00fcse schnell, pr\u00e4zise und sicher. Durch leichtes Wechseln der Einsch\u00fcbe k\u00f6nnen Sie mit dem Gem\u00fcsehobel Scheiben in 2 St\u00e4rken sowie Streifen in 2 Gr\u00f6\u00dfen schneiden. Mittels einfachem Einschneidens der Fr\u00fcchte lassen sich dar\u00fcber hinaus auch W\u00fcrfel in [&#8230;]\n","protected":false},"featured_media":5702,"comment_status":"open","ping_status":"open","template":"","meta":{"_acf_changed":false},"product_brand":[],"product_cat":[59],"product_tag":[],"class_list":{"0":"post-5547","1":"product","2":"type-product","3":"status-publish","4":"has-post-thumbnail","6":"product_cat-sondersets","8":"first","9":"instock","10":"taxable","11":"shipping-taxable","12":"product-type-variable"},"acf":[],"_links":{"self":[{"href":"https:\/\/b2b.boerner.de\/en\/wp-json\/wp\/v2\/product\/5547","targetHints":{"allow":["GET"]}}],"collection":[{"href":"https:\/\/b2b.boerner.de\/en\/wp-json\/wp\/v2\/product"}],"about":[{"href":"https:\/\/b2b.boerner.de\/en\/wp-json\/wp\/v2\/types\/product"}],"replies":[{"embeddable":true,"href":"https:\/\/b2b.boerner.de\/en\/wp-json\/wp\/v2\/comments?post=5547"}],"wp:featuredmedia":[{"embeddable":true,"href":"https:\/\/b2b.boerner.de\/en\/wp-json\/wp\/v2\/media\/5702"}],"wp:attachment":[{"href":"https:\/\/b2b.boerner.de\/en\/wp-json\/wp\/v2\/media?parent=5547"}],"wp:term":[{"taxonomy":"product_brand","embeddable":true,"href":"https:\/\/b2b.boerner.de\/en\/wp-json\/wp\/v2\/product_brand?post=5547"},{"taxonomy":"product_cat","embeddable":true,"href":"https:\/\/b2b.boerner.de\/en\/wp-json\/wp\/v2\/product_cat?post=5547"},{"taxonomy":"product_tag","embeddable":true,"href":"https:\/\/b2b.boerner.de\/en\/wp-json\/wp\/v2\/product_tag?post=5547"}],"curies":[{"name":"wp","href":"https:\/\/api.w.org\/{rel}","templated":true}]}}