{"id":5554,"date":"2025-07-08T08:04:35","date_gmt":"2025-07-08T06:04:35","guid":{"rendered":"https:\/\/b2b.boerner.de\/?post_type=product&#038;p=5554"},"modified":"2025-08-05T10:51:10","modified_gmt":"2025-08-05T08:51:10","slug":"v5-se-35-7mm-fh","status":"publish","type":"product","link":"https:\/\/b2b.boerner.de\/en\/produkt\/v5-se-35-7mm-fh\/","title":{"rendered":"V5 PowerLine + SE + 3,5 + 7mm + FH"},"content":{"rendered":"<h2>Die Mandoline, die alles kann!<\/h2>\n<p>Verwandeln Sie Ihr Gem\u00fcse und Obst sekundenschnell in eine gesunde Mahlzeit! Genau das erm\u00f6glicht unser V5 Hobel. Endlich ist kein gro\u00dfer Zeitaufwand mehr n\u00f6tig, um sich gesund zu ern\u00e4hren. Dank der mikrofein-geschliffenen Edelstahlklingen schafft es die Mandoline selbst h\u00e4rtestes Obst und Gem\u00fcse zu verarbeiten. Egal ob Scheiben, W\u00fcrfel oder Streifen, die Vielseitigkeit sowie perfekten Schneideergebnisse lassen Sie staunen!<\/p>\n<p>Die Mandoline erm\u00f6glicht Ihnen nicht nur eine supereinfache Zubereitung, sondern erspart Ihnen zudem viel Zeit und M\u00fche beim Kochen. Mit dem Scheibeneinschub k\u00f6nnen Sie Scheiben in 4 verschiedenen Schnittst\u00e4rken hobeln. Egal ob f\u00fcr Gurkensalat, Carpaccio oder Zitronenscheiben, die richtige Dicke kann pr\u00e4zise eingestellt werden.<\/p>\n<p>Durch einfaches Dr\u00fccken des Knopfes an der Seite des Hobels k\u00f6nnen Sie die Einsch\u00fcbe tauschen. Die 3,5 mm und 7 mm Messereinsch\u00fcbe erm\u00f6glichen das Schneiden feiner W\u00fcrfel und Streifen in unterschiedlichen St\u00e4rken. Perfekt geeignet ist diese Schnitteinstellung f\u00fcr Zwiebelw\u00fcrfel oder die Zubereitung von Gem\u00fcsepfannen und Rohkostsalaten.<\/p>\n<p><b>Der V5 PowerLine ist der einzige Hobel, der W\u00fcrfel ohne vorheriges Einschneiden des Gem\u00fcses hobeln kann!<\/b><\/p>\n<p><b>Ma\u00dfe:<\/b><\/p>\n<ul>\n<li>V-Hobel: 38cm x 15cm x 5,5cm<\/li>\n<li>Fruchthalter: 15cm x 11,5cm x 6cm<\/li>\n<li>Scheibeneinschub: 23,5cm x 9,7cm x 2cm<\/li>\n<li>3,5mm Einschub: 22cm x 9,7cm x 2cm<\/li>\n<li>7mm Einschub: 22cm x 9,7cm x 2,5cm<\/li>\n<li>Schieberbox: 18cm x 10,5cm x 6cm<\/li>\n<\/ul>\n<p>&nbsp;<\/p>\n<p><b>Technische Daten:<\/b><\/p>\n<ul>\n<li>Scheiben in 4 verschiedenen Schnittst\u00e4rken<\/li>\n<li>Sticks und W\u00fcrfel in 4 verschiedenen Gr\u00f6\u00dfen<\/li>\n<li>Mit ergonomischem Griff<\/li>\n<li>Mit rutschfesten Gummif\u00fc\u00dfen<\/li>\n<li>BPA-freier Kunststoff<\/li>\n<li>Frei von Weichmachern und Schadstoffen<\/li>\n<li>Mikrofein-geschliffene Edelstahlmesser<\/li>\n<\/ul>\n<p>&nbsp;<\/p>\n<p><b>Bestandteile des B\u00f6rner Gem\u00fcsehobels V5 PowerLine Starter Sets:<\/b><\/p>\n<ul>\n<li>B\u00f6rner V5 PowerLine Mandoline<\/li>\n<li>Scheibeneinschub<\/li>\n<li>3,5 mm Messereinschub<\/li>\n<li>7 mm Messereinschub<\/li>\n<li>Sicherheitsfruchthalter<\/li>\n<\/ul>\n","protected":false},"excerpt":{"rendered":"<p>Die Mandoline, die alles kann! Verwandeln Sie Ihr Gem\u00fcse und Obst sekundenschnell in eine gesunde Mahlzeit! Genau das erm\u00f6glicht unser V5 Hobel. Endlich ist kein gro\u00dfer Zeitaufwand mehr n\u00f6tig, um sich gesund zu ern\u00e4hren. Dank der mikrofein-geschliffenen Edelstahlklingen schafft es die Mandoline selbst h\u00e4rtestes Obst und Gem\u00fcse zu verarbeiten. Egal ob Scheiben, W\u00fcrfel oder Streifen, [&#8230;]\n","protected":false},"featured_media":5752,"comment_status":"open","ping_status":"open","template":"","meta":{"_acf_changed":false},"product_brand":[],"product_cat":[59],"product_tag":[],"class_list":{"0":"post-5554","1":"product","2":"type-product","3":"status-publish","4":"has-post-thumbnail","6":"product_cat-sondersets","8":"first","9":"instock","10":"taxable","11":"shipping-taxable","12":"product-type-variable"},"acf":[],"_links":{"self":[{"href":"https:\/\/b2b.boerner.de\/en\/wp-json\/wp\/v2\/product\/5554","targetHints":{"allow":["GET"]}}],"collection":[{"href":"https:\/\/b2b.boerner.de\/en\/wp-json\/wp\/v2\/product"}],"about":[{"href":"https:\/\/b2b.boerner.de\/en\/wp-json\/wp\/v2\/types\/product"}],"replies":[{"embeddable":true,"href":"https:\/\/b2b.boerner.de\/en\/wp-json\/wp\/v2\/comments?post=5554"}],"wp:featuredmedia":[{"embeddable":true,"href":"https:\/\/b2b.boerner.de\/en\/wp-json\/wp\/v2\/media\/5752"}],"wp:attachment":[{"href":"https:\/\/b2b.boerner.de\/en\/wp-json\/wp\/v2\/media?parent=5554"}],"wp:term":[{"taxonomy":"product_brand","embeddable":true,"href":"https:\/\/b2b.boerner.de\/en\/wp-json\/wp\/v2\/product_brand?post=5554"},{"taxonomy":"product_cat","embeddable":true,"href":"https:\/\/b2b.boerner.de\/en\/wp-json\/wp\/v2\/product_cat?post=5554"},{"taxonomy":"product_tag","embeddable":true,"href":"https:\/\/b2b.boerner.de\/en\/wp-json\/wp\/v2\/product_tag?post=5554"}],"curies":[{"name":"wp","href":"https:\/\/api.w.org\/{rel}","templated":true}]}}