{"id":5762,"date":"2025-07-09T15:01:25","date_gmt":"2025-07-09T13:01:25","guid":{"rendered":"https:\/\/b2b.boerner.de\/?post_type=product&#038;p=5762"},"modified":"2025-07-10T08:03:47","modified_gmt":"2025-07-10T06:03:47","slug":"v5-powerline-scheibeneinschub","status":"publish","type":"product","link":"https:\/\/b2b.boerner.de\/en\/produkt\/v5-powerline-scheibeneinschub\/","title":{"rendered":"V5 PowerLine + Scheibeneinschub"},"content":{"rendered":"<h2>Der vielseitige Gem\u00fcsehobel f\u00fcr pr\u00e4zises Schneiden in 4 Schnittst\u00e4rken<\/h2>\n<p>Zur idealen Verarbeitung von Obst und Gem\u00fcse in Scheiben bedarf es einem praktischen Gem\u00fcsehobel. Die Dicke der Scheiben ist oft ausschlaggebend f\u00fcr das Gelingen eines Gerichtes. Mit dem B\u00f6rner V5 Scheibenschneider kann beliebige Rohkost innerhalb k\u00fcrzester Zeit einfach und schnell zu d\u00fcnnen, aber auch dicken Scheiben verarbeitet werden. Durch den h\u00f6henverstellbaren Einschub ist es ganz einfach, die St\u00e4rken zu variieren. Gurken f\u00fcr den Gurkensalat, Kartoffeln f\u00fcr Kartoffelgratin oder aber auch leckere Gem\u00fcsechips lassen sich so pr\u00e4zise und rezeptgerecht schneiden. Ob Tomaten, Zwiebeln oder hartes Gem\u00fcse, wie etwa Kohlrabi oder Karotten, all dies stellt f\u00fcr die leistungsstarken Gem\u00fcsehobel kein Problem dar. Entdecken Sie neue leckere Rezepte, die nun mit wenig Aufwand nachgekocht werden k\u00f6nnen. Schauen Sie auch gerne auf unserer\u00a0<a href=\"https:\/\/www.boerner.de\/blog\/\" target=\"_self\" rel=\"noopener\">Rezeptseite<\/a>\u00a0nach, hier finden Sie viele gesunde Gerichtideen die eine ausgewogene Ern\u00e4hrung f\u00f6rdern.<\/p>\n<p>Besonders gut geeignet ist der V5 Powerline Hobel, wenn sie ein leckeres Rote Beete Carpaccio herstellen m\u00f6chten. Durch die scharfen Klingen und die extra d\u00fcnne Stufe des V5, k\u00f6nnen sie die perfekten, d\u00fcnnen Scheiben f\u00fcr Carpaccio schneiden.<\/p>\n<p>Die Reinigung des Gem\u00fcsehobels ist kinderleicht, er kann einfach unter flie\u00dfendem Wasser abgesp\u00fclt werden. Schieben Sie daf\u00fcr den Scheibeneinschub bis zur letzten Einstellung, somit sind die Finger vor den scharfen Klingen gesch\u00fctzt. Und schon ist er wieder einsatzbereit. Um eine gesunde Ern\u00e4hrung zu garantieren, verwenden wir blo\u00df beste Qualit\u00e4t bei der Herstellung unserer Produkte. Deswegen sind sie frei von BPA, Weichmachern und Schadstoffen. Sie k\u00f6nnen Ihr Essen also sorgenfrei und m\u00fchelos zubereiten.<\/p>\n<p>Sollten Sie einmal feststellen, dass Ihnen der einzelne Hobel nicht ausreicht, haben Sie die M\u00f6glichkeit, dieses auszuweiten. Hierzu finden Sie weitere Artikel wie etwa Einsch\u00fcbe oder die Dockingstation in unserem Shop. Somit k\u00f6nnen Sie den Scheibenschneider nach Belieben erweitern und erhalten eine Vielfalt an weiteren Funktionen.<\/p>\n<p><b>Ma\u00dfe:<\/b><\/p>\n<ul>\n<li>V-Hobel: 38cm x 15cm x 5,5cm<\/li>\n<li>Scheibeneinschub: 23,5cm x 9,7cm x 2cm<\/li>\n<\/ul>\n<p>&nbsp;<\/p>\n<p><b>Technische Daten:<\/b><\/p>\n<ul>\n<li>Scheiben in 4 verschiedenen Schnittst\u00e4rken<\/li>\n<li>Mit ergonomischem Griff<\/li>\n<li>Mit rutschfesten Gummif\u00fc\u00dfen<\/li>\n<li>BPA-freier Kunststoff<\/li>\n<li>Frei von Weichmachern und Schadstoffen<\/li>\n<li>Mikrofein-geschliffene Edelstahlmesser<\/li>\n<\/ul>\n<p>&nbsp;<\/p>\n<p><b>Bestandteile des B\u00f6rner Gem\u00fcsehobel V5 PowerLine inklusive Scheibeneinschub:<\/b><\/p>\n<ul>\n<li>B\u00f6rner V5 PowerLine Gem\u00fcsehobel<\/li>\n<li>Scheibeneinschub<\/li>\n<\/ul>\n","protected":false},"excerpt":{"rendered":"<p>Der vielseitige Gem\u00fcsehobel f\u00fcr pr\u00e4zises Schneiden in 4 Schnittst\u00e4rken Zur idealen Verarbeitung von Obst und Gem\u00fcse in Scheiben bedarf es einem praktischen Gem\u00fcsehobel. Die Dicke der Scheiben ist oft ausschlaggebend f\u00fcr das Gelingen eines Gerichtes. Mit dem B\u00f6rner V5 Scheibenschneider kann beliebige Rohkost innerhalb k\u00fcrzester Zeit einfach und schnell zu d\u00fcnnen, aber auch dicken Scheiben [&#8230;]\n","protected":false},"featured_media":5765,"comment_status":"open","ping_status":"open","template":"","meta":{"_acf_changed":false},"product_brand":[],"product_cat":[66],"product_tag":[],"class_list":{"0":"post-5762","1":"product","2":"type-product","3":"status-publish","4":"has-post-thumbnail","6":"product_cat-v5-obst-und-gemuesehobel","8":"first","9":"instock","10":"taxable","11":"shipping-taxable","12":"product-type-variable"},"acf":[],"_links":{"self":[{"href":"https:\/\/b2b.boerner.de\/en\/wp-json\/wp\/v2\/product\/5762","targetHints":{"allow":["GET"]}}],"collection":[{"href":"https:\/\/b2b.boerner.de\/en\/wp-json\/wp\/v2\/product"}],"about":[{"href":"https:\/\/b2b.boerner.de\/en\/wp-json\/wp\/v2\/types\/product"}],"replies":[{"embeddable":true,"href":"https:\/\/b2b.boerner.de\/en\/wp-json\/wp\/v2\/comments?post=5762"}],"wp:featuredmedia":[{"embeddable":true,"href":"https:\/\/b2b.boerner.de\/en\/wp-json\/wp\/v2\/media\/5765"}],"wp:attachment":[{"href":"https:\/\/b2b.boerner.de\/en\/wp-json\/wp\/v2\/media?parent=5762"}],"wp:term":[{"taxonomy":"product_brand","embeddable":true,"href":"https:\/\/b2b.boerner.de\/en\/wp-json\/wp\/v2\/product_brand?post=5762"},{"taxonomy":"product_cat","embeddable":true,"href":"https:\/\/b2b.boerner.de\/en\/wp-json\/wp\/v2\/product_cat?post=5762"},{"taxonomy":"product_tag","embeddable":true,"href":"https:\/\/b2b.boerner.de\/en\/wp-json\/wp\/v2\/product_tag?post=5762"}],"curies":[{"name":"wp","href":"https:\/\/api.w.org\/{rel}","templated":true}]}}