{"id":6116,"date":"2025-08-04T14:58:10","date_gmt":"2025-08-04T12:58:10","guid":{"rendered":"https:\/\/b2b.boerner.de\/?post_type=product&#038;p=6116"},"modified":"2025-08-04T15:03:58","modified_gmt":"2025-08-04T13:03:58","slug":"schieberbox-v1-v3-v6-fuss-16-10-mm","status":"publish","type":"product","link":"https:\/\/b2b.boerner.de\/en\/produkt\/schieberbox-v1-v3-v6-fuss-16-10-mm\/","title":{"rendered":"Schieberbox V1, V3, V6 + Fu\u00df + 1,6 + 10 mm"},"content":{"rendered":"<h2>Juliennestreifen und Pommesstifte schneiden<\/h2>\n<div>Die zwei zus\u00e4tzlichen Einsch\u00fcbe f\u00fcr den original B\u00f6rner V-Hobel V6 Exclusive erm\u00f6glichen Ihnen eine ungeahnte Vielfalt beim Zubereiten von Obst und Gem\u00fcse. Mit dem original B\u00f6rner 1,6 mm-Messereinsatz schneiden Sie sehr feine Julienne-Streifen aus festem Obst und Gem\u00fcse sowie mit vorherigem Einschneiden sch\u00f6ne kleine W\u00fcrfel.<\/div>\n<p>&nbsp;<\/p>\n<p>Mit dem 10 mm Messereinsatz schneiden Sie sehr grobe Stifte f\u00fcr Pommes frites und durch Einschneiden W\u00fcrfel f\u00fcr z. B. Suppen und Eint\u00f6pfe aus festem Obst und Gem\u00fcse. Die Messereinsch\u00fcbe befinden sich zur sicheren Aufbewahrung in der praktischen B\u00f6rner Schieberbox. Neben den beiden mitgelieferten Messereinsch\u00fcben finden auch der Scheibeneinschub noch Platz in der praktischen Box.<\/p>\n<p><strong>Produktdaten:<\/strong><\/p>\n<ul>\n<li>Zubeh\u00f6rteil zu V-Hobel V1 ClassicLine und V3 TrendLine<\/li>\n<li>Messereinsch\u00fcbe 1,6 mm und 10 mm<\/li>\n<li>mit original B\u00f6rner Edelstahlklingen<\/li>\n<li>Erh\u00e4ltlich in den Farben wei\u00df und orange<\/li>\n<li>frei von Weichmachern und BPA<\/li>\n<\/ul>\n","protected":false},"excerpt":{"rendered":"<p>Juliennestreifen und Pommesstifte schneiden Die zwei zus\u00e4tzlichen Einsch\u00fcbe f\u00fcr den original B\u00f6rner V-Hobel V6 Exclusive erm\u00f6glichen Ihnen eine ungeahnte Vielfalt beim Zubereiten von Obst und Gem\u00fcse. Mit dem original B\u00f6rner 1,6 mm-Messereinsatz schneiden Sie sehr feine Julienne-Streifen aus festem Obst und Gem\u00fcse sowie mit vorherigem Einschneiden sch\u00f6ne kleine W\u00fcrfel. &nbsp; Mit dem 10 mm Messereinsatz [&#8230;]\n","protected":false},"featured_media":6123,"comment_status":"open","ping_status":"open","template":"","meta":{"_acf_changed":false},"product_brand":[],"product_cat":[49,55,179,48],"product_tag":[],"class_list":{"0":"post-6116","1":"product","2":"type-product","3":"status-publish","4":"has-post-thumbnail","6":"product_cat-v1","7":"product_cat-v3","8":"product_cat-v6-zubehoer","9":"product_cat-zubehoer","11":"first","12":"instock","13":"taxable","14":"shipping-taxable","15":"purchasable","16":"product-type-variable"},"acf":[],"_links":{"self":[{"href":"https:\/\/b2b.boerner.de\/en\/wp-json\/wp\/v2\/product\/6116","targetHints":{"allow":["GET"]}}],"collection":[{"href":"https:\/\/b2b.boerner.de\/en\/wp-json\/wp\/v2\/product"}],"about":[{"href":"https:\/\/b2b.boerner.de\/en\/wp-json\/wp\/v2\/types\/product"}],"replies":[{"embeddable":true,"href":"https:\/\/b2b.boerner.de\/en\/wp-json\/wp\/v2\/comments?post=6116"}],"wp:featuredmedia":[{"embeddable":true,"href":"https:\/\/b2b.boerner.de\/en\/wp-json\/wp\/v2\/media\/6123"}],"wp:attachment":[{"href":"https:\/\/b2b.boerner.de\/en\/wp-json\/wp\/v2\/media?parent=6116"}],"wp:term":[{"taxonomy":"product_brand","embeddable":true,"href":"https:\/\/b2b.boerner.de\/en\/wp-json\/wp\/v2\/product_brand?post=6116"},{"taxonomy":"product_cat","embeddable":true,"href":"https:\/\/b2b.boerner.de\/en\/wp-json\/wp\/v2\/product_cat?post=6116"},{"taxonomy":"product_tag","embeddable":true,"href":"https:\/\/b2b.boerner.de\/en\/wp-json\/wp\/v2\/product_tag?post=6116"}],"curies":[{"name":"wp","href":"https:\/\/api.w.org\/{rel}","templated":true}]}}