{"id":6163,"date":"2025-08-04T15:27:07","date_gmt":"2025-08-04T13:27:07","guid":{"rendered":"https:\/\/b2b.boerner.de\/?post_type=product&#038;p=6163"},"modified":"2025-08-05T07:05:54","modified_gmt":"2025-08-05T05:05:54","slug":"schieberbox-v1-v3-v6-ohne-standfuss","status":"publish","type":"product","link":"https:\/\/b2b.boerner.de\/en\/produkt\/schieberbox-v1-v3-v6-ohne-standfuss\/","title":{"rendered":"Schieberbox V1, V3, V6 ohne Standfu\u00df"},"content":{"rendered":"<h2>Verstauen Sie ihre Einsch\u00fcbe kompakt und sicher<\/h2>\n<p>In dieser praktischen Schieberbox k\u00f6nnen Sie leicht Ihre Einsch\u00fcbe des V1, V3 oder V6 Hobels verstauen. Somit sind die scharfen Klingen sicher verstaut und Sie wissen stets wo Ihre Einsch\u00fcbe zu finden sind. Auch der Scheibeneinschub findet zus\u00e4tzlich Platz in der Box. Erweitern Sie die Schieberbox mit der Dockingstation um diese mit Ihrem Gem\u00fcsehobel in der K\u00fcche zu platzieren. So haben Sie Ihre K\u00fcchenaccessoires stets im Blick.<\/p>\n<p><strong>Produktdaten:<\/strong><\/p>\n<ul>\n<li>Erh\u00e4ltlich in den Farben Wei\u00df, Gr\u00fcn, Orange, Violett, Rot und Schwarz<\/li>\n<li>Farblich passend zu Ihrem Hobel und der Dockingstation<\/li>\n<li>Praktisch um Einsch\u00fcbe zu verstauen<\/li>\n<li>Bietet Platz f\u00fcr zwei Messereinsch\u00fcbe und den Scheibeneinschub<\/li>\n<li>Ma\u00dfe: 21x11cm<\/li>\n<\/ul>\n","protected":false},"excerpt":{"rendered":"<p>Verstauen Sie ihre Einsch\u00fcbe kompakt und sicher In dieser praktischen Schieberbox k\u00f6nnen Sie leicht Ihre Einsch\u00fcbe des V1, V3 oder V6 Hobels verstauen. Somit sind die scharfen Klingen sicher verstaut und Sie wissen stets wo Ihre Einsch\u00fcbe zu finden sind. Auch der Scheibeneinschub findet zus\u00e4tzlich Platz in der Box. Erweitern Sie die Schieberbox mit der [&#8230;]\n","protected":false},"featured_media":6170,"comment_status":"open","ping_status":"open","template":"","meta":{"_acf_changed":false},"product_brand":[],"product_cat":[49,55,179,48],"product_tag":[],"class_list":{"0":"post-6163","1":"product","2":"type-product","3":"status-publish","4":"has-post-thumbnail","6":"product_cat-v1","7":"product_cat-v3","8":"product_cat-v6-zubehoer","9":"product_cat-zubehoer","11":"first","12":"instock","13":"taxable","14":"shipping-taxable","15":"purchasable","16":"product-type-variable"},"acf":[],"_links":{"self":[{"href":"https:\/\/b2b.boerner.de\/en\/wp-json\/wp\/v2\/product\/6163","targetHints":{"allow":["GET"]}}],"collection":[{"href":"https:\/\/b2b.boerner.de\/en\/wp-json\/wp\/v2\/product"}],"about":[{"href":"https:\/\/b2b.boerner.de\/en\/wp-json\/wp\/v2\/types\/product"}],"replies":[{"embeddable":true,"href":"https:\/\/b2b.boerner.de\/en\/wp-json\/wp\/v2\/comments?post=6163"}],"wp:featuredmedia":[{"embeddable":true,"href":"https:\/\/b2b.boerner.de\/en\/wp-json\/wp\/v2\/media\/6170"}],"wp:attachment":[{"href":"https:\/\/b2b.boerner.de\/en\/wp-json\/wp\/v2\/media?parent=6163"}],"wp:term":[{"taxonomy":"product_brand","embeddable":true,"href":"https:\/\/b2b.boerner.de\/en\/wp-json\/wp\/v2\/product_brand?post=6163"},{"taxonomy":"product_cat","embeddable":true,"href":"https:\/\/b2b.boerner.de\/en\/wp-json\/wp\/v2\/product_cat?post=6163"},{"taxonomy":"product_tag","embeddable":true,"href":"https:\/\/b2b.boerner.de\/en\/wp-json\/wp\/v2\/product_tag?post=6163"}],"curies":[{"name":"wp","href":"https:\/\/api.w.org\/{rel}","templated":true}]}}